{"id":765,"date":"2025-04-09T15:40:37","date_gmt":"2025-04-09T13:40:37","guid":{"rendered":"http:\/\/emilien-chamaulte.com\/?page_id=765"},"modified":"2025-09-10T15:26:46","modified_gmt":"2025-09-10T13:26:46","slug":"hillstar","status":"publish","type":"page","link":"http:\/\/emilien-chamaulte.com\/","title":{"rendered":"Accueil"},"content":{"rendered":"<div data-colibri-id=\"765-c1\" class=\"style-188 style-local-765-c1 position-relative\">\n  <!---->\n  <div data-colibri-component=\"section\" data-colibri-id=\"765-c2\" id=\"cta\" class=\"h-section h-section-global-spacing d-flex align-items-lg-end align-items-md-end align-items-end style-325 style-local-765-c2 position-relative\">\n    <!---->\n    <!---->\n    <div class=\"h-section-grid-container h-section-boxed-container\">\n      <!---->\n      <div data-colibri-id=\"765-c3\" class=\"h-row-container gutters-row-lg-2 gutters-row-md-2 gutters-row-0 gutters-row-v-lg-2 gutters-row-v-md-2 gutters-row-v-2 style-326 style-local-765-c3 position-relative\">\n        <!---->\n        <div class=\"h-row justify-content-lg-center justify-content-md-center justify-content-center align-items-lg-stretch align-items-md-stretch align-items-stretch gutters-col-lg-2 gutters-col-md-2 gutters-col-0 gutters-col-v-lg-2 gutters-col-v-md-2 gutters-col-v-2\">\n          <!---->\n          <div class=\"h-column h-column-container d-flex h-col-lg h-col-md h-col-auto style-327-outer style-local-765-c4-outer\">\n            <div data-colibri-id=\"765-c4\" class=\"d-flex h-flex-basis h-column__inner h-px-lg-0 h-px-md-0 h-px-2 v-inner-lg-0 v-inner-md-0 v-inner-2 style-327 style-local-765-c4 position-relative\">\n              <!---->\n              <!---->\n              <div class=\"w-100 h-y-container h-column__content h-column__v-align flex-basis-100 align-self-lg-center align-self-md-center align-self-center\">\n                <!---->\n                <div data-colibri-id=\"765-c5\" class=\"h-global-transition-all h-heading style-328 style-local-765-c5 position-relative h-element\">\n                  <!---->\n                  <div class=\"h-heading__outer style-328 style-local-765-c5\">\n                    <!---->\n                    <!---->\n                    <a href=\"http:\/\/emilien-chamaulte.com\/?p=554\" h-use-smooth-scroll=\"true\">\n                      <h2 class=\"\">VOYAGE EN AFRIQUE DU SUD 2026<\/h2>\n                    <\/a>\n                  <\/div>\n                <\/div>\n              <\/div>\n            <\/div>\n          <\/div>\n          <div class=\"h-column h-column-container d-flex h-col-lg-auto h-col-md-auto h-col-auto style-329-outer style-local-765-c6-outer\">\n            <div data-colibri-id=\"765-c6\" class=\"d-flex h-flex-basis h-column__inner h-px-lg-0 h-px-md-0 h-px-2 v-inner-lg-0 v-inner-md-0 v-inner-2 style-329 style-local-765-c6 position-relative\">\n              <!---->\n              <!---->\n              <div class=\"w-100 h-y-container h-column__content h-column__v-align flex-basis-auto align-self-lg-center align-self-md-center align-self-center\">\n                <!---->\n                <div data-colibri-id=\"765-c7\" class=\"h-x-container style-330 style-local-765-c7 position-relative h-element\">\n                  <!---->\n                  <div class=\"h-x-container-inner style-dynamic-765-c7-group style-330-spacing style-local-765-c7-spacing\"><span class=\"h-button__outer style-331-outer style-local-765-c8-outer d-inline-flex h-element\"><a h-use-smooth-scroll=\"true\" href=\"http:\/\/emilien-chamaulte.com\/?p=554\"  data-colibri-id=\"765-c8\" class=\"d-flex w-100 align-items-center h-button justify-content-lg-center justify-content-md-center justify-content-center style-331 style-local-765-c8 position-relative\"><!----><!----> <span>EN SAVOIR PLUS<\/span><\/a>\n                    <\/span>\n                  <\/div>\n                <\/div>\n              <\/div>\n            <\/div>\n          <\/div>\n        <\/div>\n      <\/div>\n    <\/div>\n  <\/div>\n<\/div>","protected":false},"excerpt":{"rendered":"<p>VOYAGE EN AFRIQUE DU SUD 2026 EN SAVOIR PLUS<\/p>\n","protected":false},"author":1,"featured_media":0,"parent":0,"menu_order":0,"comment_status":"closed","ping_status":"closed","template":"page-templates\/homepage.php","meta":{"footnotes":""},"class_list":["post-765","page","type-page","status-publish","hentry"],"yoast_head":"<!-- This site is optimized with the Yoast SEO plugin v27.3 - https:\/\/yoast.com\/product\/yoast-seo-wordpress\/ -->\n<title>Accueil - Emilien CHAMAULTE - Professeur de golf en Alsace<\/title>\n<meta name=\"description\" content=\"Am\u00e9liorez votre golf avec un ancien joueur professionnel. Le\u00e7ons individuelles et stages adapt\u00e9s \u00e0 tous niveaux au Golf Club de Strasbourg.\" \/>\n<meta name=\"robots\" content=\"index, follow, max-snippet:-1, max-image-preview:large, max-video-preview:-1\" \/>\n<link rel=\"canonical\" href=\"https:\/\/emilien-chamaulte.com\/\" \/>\n<meta property=\"og:locale\" content=\"fr_FR\" \/>\n<meta property=\"og:type\" content=\"article\" \/>\n<meta property=\"og:title\" content=\"Accueil - Emilien CHAMAULTE - Professeur de golf en Alsace\" \/>\n<meta property=\"og:description\" content=\"Am\u00e9liorez votre golf avec un ancien joueur professionnel. Le\u00e7ons individuelles et stages adapt\u00e9s \u00e0 tous niveaux au Golf Club de Strasbourg.\" \/>\n<meta property=\"og:url\" content=\"https:\/\/emilien-chamaulte.com\/\" \/>\n<meta property=\"og:site_name\" content=\"Emilien CHAMAULTE - Professeur de golf en Alsace\" \/>\n<meta property=\"article:modified_time\" content=\"2025-09-10T13:26:46+00:00\" \/>\n<meta name=\"twitter:card\" content=\"summary_large_image\" \/>\n<script type=\"application\/ld+json\" class=\"yoast-schema-graph\">{\"@context\":\"https:\\\/\\\/schema.org\",\"@graph\":[{\"@type\":\"WebPage\",\"@id\":\"https:\\\/\\\/emilien-chamaulte.com\\\/\",\"url\":\"https:\\\/\\\/emilien-chamaulte.com\\\/\",\"name\":\"Accueil - Emilien CHAMAULTE - Professeur de golf en Alsace\",\"isPartOf\":{\"@id\":\"https:\\\/\\\/emilien-chamaulte.com\\\/#website\"},\"datePublished\":\"2025-04-09T13:40:37+00:00\",\"dateModified\":\"2025-09-10T13:26:46+00:00\",\"description\":\"Am\u00e9liorez votre golf avec un ancien joueur professionnel. Le\u00e7ons individuelles et stages adapt\u00e9s \u00e0 tous niveaux au Golf Club de Strasbourg.\",\"breadcrumb\":{\"@id\":\"https:\\\/\\\/emilien-chamaulte.com\\\/#breadcrumb\"},\"inLanguage\":\"fr-FR\",\"potentialAction\":[{\"@type\":\"ReadAction\",\"target\":[\"https:\\\/\\\/emilien-chamaulte.com\\\/\"]}]},{\"@type\":\"BreadcrumbList\",\"@id\":\"https:\\\/\\\/emilien-chamaulte.com\\\/#breadcrumb\",\"itemListElement\":[{\"@type\":\"ListItem\",\"position\":1,\"name\":\"Accueil\",\"item\":\"https:\\\/\\\/emilien-chamaulte.com\\\/\"},{\"@type\":\"ListItem\",\"position\":2,\"name\":\"Accueil\"}]},{\"@type\":\"WebSite\",\"@id\":\"https:\\\/\\\/emilien-chamaulte.com\\\/#website\",\"url\":\"https:\\\/\\\/emilien-chamaulte.com\\\/\",\"name\":\"Emilien CHAMAULTE - Professeur de golf en Alsace\",\"description\":\"Swinguez vers l&#039;excellence !\",\"potentialAction\":[{\"@type\":\"SearchAction\",\"target\":{\"@type\":\"EntryPoint\",\"urlTemplate\":\"https:\\\/\\\/emilien-chamaulte.com\\\/?s={search_term_string}\"},\"query-input\":{\"@type\":\"PropertyValueSpecification\",\"valueRequired\":true,\"valueName\":\"search_term_string\"}}],\"inLanguage\":\"fr-FR\"}]}<\/script>\n<!-- \/ Yoast SEO plugin. -->","yoast_head_json":{"title":"Accueil - Emilien CHAMAULTE - Professeur de golf en Alsace","description":"Am\u00e9liorez votre golf avec un ancien joueur professionnel. Le\u00e7ons individuelles et stages adapt\u00e9s \u00e0 tous niveaux au Golf Club de Strasbourg.","robots":{"index":"index","follow":"follow","max-snippet":"max-snippet:-1","max-image-preview":"max-image-preview:large","max-video-preview":"max-video-preview:-1"},"canonical":"https:\/\/emilien-chamaulte.com\/","og_locale":"fr_FR","og_type":"article","og_title":"Accueil - Emilien CHAMAULTE - Professeur de golf en Alsace","og_description":"Am\u00e9liorez votre golf avec un ancien joueur professionnel. Le\u00e7ons individuelles et stages adapt\u00e9s \u00e0 tous niveaux au Golf Club de Strasbourg.","og_url":"https:\/\/emilien-chamaulte.com\/","og_site_name":"Emilien CHAMAULTE - Professeur de golf en Alsace","article_modified_time":"2025-09-10T13:26:46+00:00","twitter_card":"summary_large_image","schema":{"@context":"https:\/\/schema.org","@graph":[{"@type":"WebPage","@id":"https:\/\/emilien-chamaulte.com\/","url":"https:\/\/emilien-chamaulte.com\/","name":"Accueil - Emilien CHAMAULTE - Professeur de golf en Alsace","isPartOf":{"@id":"https:\/\/emilien-chamaulte.com\/#website"},"datePublished":"2025-04-09T13:40:37+00:00","dateModified":"2025-09-10T13:26:46+00:00","description":"Am\u00e9liorez votre golf avec un ancien joueur professionnel. Le\u00e7ons individuelles et stages adapt\u00e9s \u00e0 tous niveaux au Golf Club de Strasbourg.","breadcrumb":{"@id":"https:\/\/emilien-chamaulte.com\/#breadcrumb"},"inLanguage":"fr-FR","potentialAction":[{"@type":"ReadAction","target":["https:\/\/emilien-chamaulte.com\/"]}]},{"@type":"BreadcrumbList","@id":"https:\/\/emilien-chamaulte.com\/#breadcrumb","itemListElement":[{"@type":"ListItem","position":1,"name":"Accueil","item":"https:\/\/emilien-chamaulte.com\/"},{"@type":"ListItem","position":2,"name":"Accueil"}]},{"@type":"WebSite","@id":"https:\/\/emilien-chamaulte.com\/#website","url":"https:\/\/emilien-chamaulte.com\/","name":"Emilien CHAMAULTE - Professeur de golf en Alsace","description":"Swinguez vers l&#039;excellence !","potentialAction":[{"@type":"SearchAction","target":{"@type":"EntryPoint","urlTemplate":"https:\/\/emilien-chamaulte.com\/?s={search_term_string}"},"query-input":{"@type":"PropertyValueSpecification","valueRequired":true,"valueName":"search_term_string"}}],"inLanguage":"fr-FR"}]}},"_links":{"self":[{"href":"http:\/\/emilien-chamaulte.com\/index.php?rest_route=\/wp\/v2\/pages\/765","targetHints":{"allow":["GET"]}}],"collection":[{"href":"http:\/\/emilien-chamaulte.com\/index.php?rest_route=\/wp\/v2\/pages"}],"about":[{"href":"http:\/\/emilien-chamaulte.com\/index.php?rest_route=\/wp\/v2\/types\/page"}],"author":[{"embeddable":true,"href":"http:\/\/emilien-chamaulte.com\/index.php?rest_route=\/wp\/v2\/users\/1"}],"replies":[{"embeddable":true,"href":"http:\/\/emilien-chamaulte.com\/index.php?rest_route=%2Fwp%2Fv2%2Fcomments&post=765"}],"version-history":[{"count":20,"href":"http:\/\/emilien-chamaulte.com\/index.php?rest_route=\/wp\/v2\/pages\/765\/revisions"}],"predecessor-version":[{"id":1521,"href":"http:\/\/emilien-chamaulte.com\/index.php?rest_route=\/wp\/v2\/pages\/765\/revisions\/1521"}],"wp:attachment":[{"href":"http:\/\/emilien-chamaulte.com\/index.php?rest_route=%2Fwp%2Fv2%2Fmedia&parent=765"}],"curies":[{"name":"wp","href":"https:\/\/api.w.org\/{rel}","templated":true}]}}