{"id":703,"date":"2025-04-09T10:50:25","date_gmt":"2025-04-09T08:50:25","guid":{"rendered":"http:\/\/emilien-chamaulte.com\/?page_id=703"},"modified":"2025-04-22T17:18:16","modified_gmt":"2025-04-22T15:18:16","slug":"diplomes-certifications-professeur-golf","status":"publish","type":"page","link":"http:\/\/emilien-chamaulte.com\/?page_id=703","title":{"rendered":"Certifications"},"content":{"rendered":"\t\t<div data-elementor-type=\"wp-page\" data-elementor-id=\"703\" class=\"elementor elementor-703\">\n\t\t\t\t<div class=\"elementor-element elementor-element-8133cec e-flex e-con-boxed e-con e-parent\" data-id=\"8133cec\" data-element_type=\"container\" data-e-type=\"container\">\n\t\t\t\t\t<div class=\"e-con-inner\">\n\t\t<div class=\"elementor-element elementor-element-4d45e0c e-con-full e-flex e-con e-child\" data-id=\"4d45e0c\" data-element_type=\"container\" data-e-type=\"container\">\n\t\t\t\t<div class=\"elementor-element elementor-element-e47ff07 elementor-widget elementor-widget-heading\" data-id=\"e47ff07\" data-element_type=\"widget\" data-e-type=\"widget\" data-widget_type=\"heading.default\">\n\t\t\t\t<div class=\"elementor-widget-container\">\n\t\t\t\t\t<h3 class=\"elementor-heading-title elementor-size-default\">TRACKMAN LEVEL 2<\/h3>\t\t\t\t<\/div>\n\t\t\t\t<\/div>\n\t\t\t\t<div class=\"elementor-element elementor-element-40c402c elementor-widget elementor-widget-text-editor\" data-id=\"40c402c\" data-element_type=\"widget\" data-e-type=\"widget\" data-widget_type=\"text-editor.default\">\n\t\t\t\t<div class=\"elementor-widget-container\">\n\t\t\t\t\t\t\t\t\t<p>Le programme professionnel certifi\u00e9 trackman niveau 2 n\u00e9cessite la r\u00e9ussite du test de certification trackman ou du test professionnel certifi\u00e9 trackman niveau 2.<strong> C\u2019est la voie recommand\u00e9e aux entra\u00eeneurs et aux joueurs qui veulent une compr\u00e9hension approfondie de la technologie trackman.<\/strong><\/p>\t\t\t\t\t\t\t\t<\/div>\n\t\t\t\t<\/div>\n\t\t\t\t<\/div>\n\t\t<div class=\"elementor-element elementor-element-2ab833c e-con-full e-flex e-con e-child\" data-id=\"2ab833c\" data-element_type=\"container\" data-e-type=\"container\">\n\t\t\t\t<div class=\"elementor-element elementor-element-ba5c14b elementor-widget elementor-widget-image\" data-id=\"ba5c14b\" data-element_type=\"widget\" data-e-type=\"widget\" data-widget_type=\"image.default\">\n\t\t\t\t<div class=\"elementor-widget-container\">\n\t\t\t\t\t\t\t\t\t\t\t\t\t\t\t<img decoding=\"async\" width=\"180\" height=\"180\" src=\"http:\/\/emilien-chamaulte.com\/wp-content\/uploads\/2025\/03\/Trackman-Golf-Logo.webp\" class=\"attachment-medium size-medium wp-image-706\" alt=\"\" srcset=\"http:\/\/emilien-chamaulte.com\/wp-content\/uploads\/2025\/03\/Trackman-Golf-Logo.webp 180w, http:\/\/emilien-chamaulte.com\/wp-content\/uploads\/2025\/03\/Trackman-Golf-Logo-150x150.webp 150w\" sizes=\"(max-width: 180px) 100vw, 180px\" \/>\t\t\t\t\t\t\t\t\t\t\t\t\t\t\t<\/div>\n\t\t\t\t<\/div>\n\t\t\t\t<\/div>\n\t\t\t\t\t<\/div>\n\t\t\t\t<\/div>\n\t\t<div class=\"elementor-element elementor-element-580508f e-flex e-con-boxed e-con e-parent\" data-id=\"580508f\" data-element_type=\"container\" data-e-type=\"container\">\n\t\t\t\t\t<div class=\"e-con-inner\">\n\t\t<div class=\"elementor-element elementor-element-5d806ac e-con-full e-flex e-con e-child\" data-id=\"5d806ac\" data-element_type=\"container\" data-e-type=\"container\">\n\t\t\t\t<div class=\"elementor-element elementor-element-b31e956 elementor-widget elementor-widget-heading\" data-id=\"b31e956\" data-element_type=\"widget\" data-e-type=\"widget\" data-widget_type=\"heading.default\">\n\t\t\t\t<div class=\"elementor-widget-container\">\n\t\t\t\t\t<h3 class=\"elementor-heading-title elementor-size-default\">SMART 2 MOOVE<\/h3>\t\t\t\t<\/div>\n\t\t\t\t<\/div>\n\t\t\t\t<div class=\"elementor-element elementor-element-907e00f elementor-widget elementor-widget-text-editor\" data-id=\"907e00f\" data-element_type=\"widget\" data-e-type=\"widget\" data-widget_type=\"text-editor.default\">\n\t\t\t\t<div class=\"elementor-widget-container\">\n\t\t\t\t\t\t\t\t\t<p>D\u00e9couvrez et comprenez comment la biom\u00e9canique et la mesure des forces de r\u00e9action au sol vous aideront \u00e0 maximiser les performances des sportifs. Avec les bases fondamentales de la biom\u00e9canique appliqu\u00e9e et les S2M Dual Force Plates, <strong>vous apprendrez rapidement les comp\u00e9tences essentielles pour comprendre comment la force cr\u00e9e le mouvement et ses effets sur le mouvement du swing de golf<\/strong> : stabilit\u00e9, puissance, efficacit\u00e9 et pr\u00e9vention des risques de blessures.<\/p>\t\t\t\t\t\t\t\t<\/div>\n\t\t\t\t<\/div>\n\t\t\t\t<\/div>\n\t\t<div class=\"elementor-element elementor-element-6018388 e-con-full e-flex e-con e-child\" data-id=\"6018388\" data-element_type=\"container\" data-e-type=\"container\">\n\t\t\t\t<div class=\"elementor-element elementor-element-09bea7f elementor-widget elementor-widget-image\" data-id=\"09bea7f\" data-element_type=\"widget\" data-e-type=\"widget\" data-widget_type=\"image.default\">\n\t\t\t\t<div class=\"elementor-widget-container\">\n\t\t\t\t\t\t\t\t\t\t\t\t\t\t\t<img fetchpriority=\"high\" decoding=\"async\" width=\"300\" height=\"209\" src=\"http:\/\/emilien-chamaulte.com\/wp-content\/uploads\/2025\/03\/certified-s2m-level-1-300x209.webp\" class=\"attachment-medium size-medium wp-image-111\" alt=\"\" srcset=\"http:\/\/emilien-chamaulte.com\/wp-content\/uploads\/2025\/03\/certified-s2m-level-1-300x209.webp 300w, http:\/\/emilien-chamaulte.com\/wp-content\/uploads\/2025\/03\/certified-s2m-level-1.webp 690w\" sizes=\"(max-width: 300px) 100vw, 300px\" \/>\t\t\t\t\t\t\t\t\t\t\t\t\t\t\t<\/div>\n\t\t\t\t<\/div>\n\t\t\t\t<\/div>\n\t\t\t\t\t<\/div>\n\t\t\t\t<\/div>\n\t\t<div class=\"elementor-element elementor-element-482472b e-flex e-con-boxed e-con e-parent\" data-id=\"482472b\" data-element_type=\"container\" data-e-type=\"container\">\n\t\t\t\t\t<div class=\"e-con-inner\">\n\t\t<div class=\"elementor-element elementor-element-4ac851f e-con-full e-flex e-con e-child\" data-id=\"4ac851f\" data-element_type=\"container\" data-e-type=\"container\">\n\t\t\t\t<div class=\"elementor-element elementor-element-65f804c elementor-widget elementor-widget-heading\" data-id=\"65f804c\" data-element_type=\"widget\" data-e-type=\"widget\" data-widget_type=\"heading.default\">\n\t\t\t\t<div class=\"elementor-widget-container\">\n\t\t\t\t\t<h3 class=\"elementor-heading-title elementor-size-default\">TPI LEVEL 1<\/h3>\t\t\t\t<\/div>\n\t\t\t\t<\/div>\n\t\t\t\t<div class=\"elementor-element elementor-element-998b656 elementor-widget elementor-widget-text-editor\" data-id=\"998b656\" data-element_type=\"widget\" data-e-type=\"widget\" data-widget_type=\"text-editor.default\">\n\t\t\t\t<div class=\"elementor-widget-container\">\n\t\t\t\t\t\t\t\t\t<p>TPI Level 1 Golf, c\u2019est la base pour comprendre comment le corps influence le swing. <strong>Cette certification est reconnue dans le monde du golf professionnel comme une r\u00e9f\u00e9rence<\/strong> pour une approche moderne, scientifique et personnalis\u00e9e de l&rsquo;entra\u00eenement au golf.<\/p>\t\t\t\t\t\t\t\t<\/div>\n\t\t\t\t<\/div>\n\t\t\t\t<\/div>\n\t\t<div class=\"elementor-element elementor-element-7971dd0 e-con-full e-flex e-con e-child\" data-id=\"7971dd0\" data-element_type=\"container\" data-e-type=\"container\" data-settings=\"{&quot;background_background&quot;:&quot;classic&quot;}\">\n\t\t\t\t<div class=\"elementor-element elementor-element-0c9297d elementor-widget elementor-widget-image\" data-id=\"0c9297d\" data-element_type=\"widget\" data-e-type=\"widget\" data-widget_type=\"image.default\">\n\t\t\t\t<div class=\"elementor-widget-container\">\n\t\t\t\t\t\t\t\t\t\t\t\t\t\t\t<img decoding=\"async\" src=\"http:\/\/emilien-chamaulte.com\/wp-content\/uploads\/elementor\/thumbs\/tpi-certified-level-1-light-1-r36poip8pydaxavli2n6bg3rzea4w5m84jbw8chao4.webp\" title=\"TPI level 1\" alt=\"TPI level 1\" loading=\"lazy\" \/>\t\t\t\t\t\t\t\t\t\t\t\t\t\t\t<\/div>\n\t\t\t\t<\/div>\n\t\t\t\t<\/div>\n\t\t\t\t\t<\/div>\n\t\t\t\t<\/div>\n\t\t\t\t<\/div>\n\t\t","protected":false},"excerpt":{"rendered":"<p>TRACKMAN LEVEL 2 Le programme professionnel certifi\u00e9 trackman niveau 2 n\u00e9cessite la r\u00e9ussite du test de certification trackman ou du test professionnel certifi\u00e9 trackman niveau 2. C\u2019est la voie recommand\u00e9e aux entra\u00eeneurs et aux joueurs qui veulent une compr\u00e9hension approfondie de la technologie trackman. SMART 2 MOOVE D\u00e9couvrez et comprenez comment la biom\u00e9canique et la [&hellip;]<\/p>\n","protected":false},"author":1,"featured_media":674,"parent":0,"menu_order":0,"comment_status":"closed","ping_status":"closed","template":"","meta":{"footnotes":""},"class_list":["post-703","page","type-page","status-publish","has-post-thumbnail","hentry"],"yoast_head":"<!-- This site is optimized with the Yoast SEO plugin v27.3 - https:\/\/yoast.com\/product\/yoast-seo-wordpress\/ -->\n<title>Certifications - Emilien CHAMAULTE - Professeur de golf en Alsace<\/title>\n<meta name=\"description\" content=\"D\u00e9couvrez certifications de professeur de golf, gages de mon expertise et de mon engagement \u00e0 vous proposer un enseignement professionnel, adapt\u00e9 \u00e0 votre niveau.\" \/>\n<meta name=\"robots\" content=\"index, follow, max-snippet:-1, max-image-preview:large, max-video-preview:-1\" \/>\n<link rel=\"canonical\" href=\"http:\/\/emilien-chamaulte.com\/?page_id=703\" \/>\n<meta property=\"og:locale\" content=\"fr_FR\" \/>\n<meta property=\"og:type\" content=\"article\" \/>\n<meta property=\"og:title\" content=\"Certifications - Emilien CHAMAULTE - Professeur de golf en Alsace\" \/>\n<meta property=\"og:description\" content=\"D\u00e9couvrez certifications de professeur de golf, gages de mon expertise et de mon engagement \u00e0 vous proposer un enseignement professionnel, adapt\u00e9 \u00e0 votre niveau.\" \/>\n<meta property=\"og:url\" content=\"http:\/\/emilien-chamaulte.com\/?page_id=703\" \/>\n<meta property=\"og:site_name\" content=\"Emilien CHAMAULTE - Professeur de golf en Alsace\" \/>\n<meta property=\"article:modified_time\" content=\"2025-04-22T15:18:16+00:00\" \/>\n<meta property=\"og:image\" content=\"http:\/\/emilien-chamaulte.com\/wp-content\/uploads\/2025\/03\/CIMG1243-1-scaled.jpg\" \/>\n\t<meta property=\"og:image:width\" content=\"1920\" \/>\n\t<meta property=\"og:image:height\" content=\"2560\" \/>\n\t<meta property=\"og:image:type\" content=\"image\/jpeg\" \/>\n<meta name=\"twitter:card\" content=\"summary_large_image\" \/>\n<meta name=\"twitter:label1\" content=\"Dur\u00e9e de lecture estim\u00e9e\" \/>\n\t<meta name=\"twitter:data1\" content=\"2 minutes\" \/>\n<script type=\"application\/ld+json\" class=\"yoast-schema-graph\">{\"@context\":\"https:\\\/\\\/schema.org\",\"@graph\":[{\"@type\":\"WebPage\",\"@id\":\"http:\\\/\\\/emilien-chamaulte.com\\\/?page_id=703\",\"url\":\"http:\\\/\\\/emilien-chamaulte.com\\\/?page_id=703\",\"name\":\"Certifications - Emilien CHAMAULTE - Professeur de golf en Alsace\",\"isPartOf\":{\"@id\":\"https:\\\/\\\/emilien-chamaulte.com\\\/#website\"},\"primaryImageOfPage\":{\"@id\":\"http:\\\/\\\/emilien-chamaulte.com\\\/?page_id=703#primaryimage\"},\"image\":{\"@id\":\"http:\\\/\\\/emilien-chamaulte.com\\\/?page_id=703#primaryimage\"},\"thumbnailUrl\":\"http:\\\/\\\/emilien-chamaulte.com\\\/wp-content\\\/uploads\\\/2025\\\/03\\\/CIMG1243-1-scaled.jpg\",\"datePublished\":\"2025-04-09T08:50:25+00:00\",\"dateModified\":\"2025-04-22T15:18:16+00:00\",\"description\":\"D\u00e9couvrez certifications de professeur de golf, gages de mon expertise et de mon engagement \u00e0 vous proposer un enseignement professionnel, adapt\u00e9 \u00e0 votre niveau.\",\"breadcrumb\":{\"@id\":\"http:\\\/\\\/emilien-chamaulte.com\\\/?page_id=703#breadcrumb\"},\"inLanguage\":\"fr-FR\",\"potentialAction\":[{\"@type\":\"ReadAction\",\"target\":[\"http:\\\/\\\/emilien-chamaulte.com\\\/?page_id=703\"]}]},{\"@type\":\"ImageObject\",\"inLanguage\":\"fr-FR\",\"@id\":\"http:\\\/\\\/emilien-chamaulte.com\\\/?page_id=703#primaryimage\",\"url\":\"http:\\\/\\\/emilien-chamaulte.com\\\/wp-content\\\/uploads\\\/2025\\\/03\\\/CIMG1243-1-scaled.jpg\",\"contentUrl\":\"http:\\\/\\\/emilien-chamaulte.com\\\/wp-content\\\/uploads\\\/2025\\\/03\\\/CIMG1243-1-scaled.jpg\",\"width\":1920,\"height\":2560},{\"@type\":\"BreadcrumbList\",\"@id\":\"http:\\\/\\\/emilien-chamaulte.com\\\/?page_id=703#breadcrumb\",\"itemListElement\":[{\"@type\":\"ListItem\",\"position\":1,\"name\":\"Accueil\",\"item\":\"https:\\\/\\\/emilien-chamaulte.com\\\/\"},{\"@type\":\"ListItem\",\"position\":2,\"name\":\"Certifications\"}]},{\"@type\":\"WebSite\",\"@id\":\"https:\\\/\\\/emilien-chamaulte.com\\\/#website\",\"url\":\"https:\\\/\\\/emilien-chamaulte.com\\\/\",\"name\":\"Emilien CHAMAULTE - Professeur de golf en Alsace\",\"description\":\"Swinguez vers l&#039;excellence !\",\"potentialAction\":[{\"@type\":\"SearchAction\",\"target\":{\"@type\":\"EntryPoint\",\"urlTemplate\":\"https:\\\/\\\/emilien-chamaulte.com\\\/?s={search_term_string}\"},\"query-input\":{\"@type\":\"PropertyValueSpecification\",\"valueRequired\":true,\"valueName\":\"search_term_string\"}}],\"inLanguage\":\"fr-FR\"}]}<\/script>\n<!-- \/ Yoast SEO plugin. -->","yoast_head_json":{"title":"Certifications - Emilien CHAMAULTE - Professeur de golf en Alsace","description":"D\u00e9couvrez certifications de professeur de golf, gages de mon expertise et de mon engagement \u00e0 vous proposer un enseignement professionnel, adapt\u00e9 \u00e0 votre niveau.","robots":{"index":"index","follow":"follow","max-snippet":"max-snippet:-1","max-image-preview":"max-image-preview:large","max-video-preview":"max-video-preview:-1"},"canonical":"http:\/\/emilien-chamaulte.com\/?page_id=703","og_locale":"fr_FR","og_type":"article","og_title":"Certifications - Emilien CHAMAULTE - Professeur de golf en Alsace","og_description":"D\u00e9couvrez certifications de professeur de golf, gages de mon expertise et de mon engagement \u00e0 vous proposer un enseignement professionnel, adapt\u00e9 \u00e0 votre niveau.","og_url":"http:\/\/emilien-chamaulte.com\/?page_id=703","og_site_name":"Emilien CHAMAULTE - Professeur de golf en Alsace","article_modified_time":"2025-04-22T15:18:16+00:00","og_image":[{"width":1920,"height":2560,"url":"http:\/\/emilien-chamaulte.com\/wp-content\/uploads\/2025\/03\/CIMG1243-1-scaled.jpg","type":"image\/jpeg"}],"twitter_card":"summary_large_image","twitter_misc":{"Dur\u00e9e de lecture estim\u00e9e":"2 minutes"},"schema":{"@context":"https:\/\/schema.org","@graph":[{"@type":"WebPage","@id":"http:\/\/emilien-chamaulte.com\/?page_id=703","url":"http:\/\/emilien-chamaulte.com\/?page_id=703","name":"Certifications - Emilien CHAMAULTE - Professeur de golf en Alsace","isPartOf":{"@id":"https:\/\/emilien-chamaulte.com\/#website"},"primaryImageOfPage":{"@id":"http:\/\/emilien-chamaulte.com\/?page_id=703#primaryimage"},"image":{"@id":"http:\/\/emilien-chamaulte.com\/?page_id=703#primaryimage"},"thumbnailUrl":"http:\/\/emilien-chamaulte.com\/wp-content\/uploads\/2025\/03\/CIMG1243-1-scaled.jpg","datePublished":"2025-04-09T08:50:25+00:00","dateModified":"2025-04-22T15:18:16+00:00","description":"D\u00e9couvrez certifications de professeur de golf, gages de mon expertise et de mon engagement \u00e0 vous proposer un enseignement professionnel, adapt\u00e9 \u00e0 votre niveau.","breadcrumb":{"@id":"http:\/\/emilien-chamaulte.com\/?page_id=703#breadcrumb"},"inLanguage":"fr-FR","potentialAction":[{"@type":"ReadAction","target":["http:\/\/emilien-chamaulte.com\/?page_id=703"]}]},{"@type":"ImageObject","inLanguage":"fr-FR","@id":"http:\/\/emilien-chamaulte.com\/?page_id=703#primaryimage","url":"http:\/\/emilien-chamaulte.com\/wp-content\/uploads\/2025\/03\/CIMG1243-1-scaled.jpg","contentUrl":"http:\/\/emilien-chamaulte.com\/wp-content\/uploads\/2025\/03\/CIMG1243-1-scaled.jpg","width":1920,"height":2560},{"@type":"BreadcrumbList","@id":"http:\/\/emilien-chamaulte.com\/?page_id=703#breadcrumb","itemListElement":[{"@type":"ListItem","position":1,"name":"Accueil","item":"https:\/\/emilien-chamaulte.com\/"},{"@type":"ListItem","position":2,"name":"Certifications"}]},{"@type":"WebSite","@id":"https:\/\/emilien-chamaulte.com\/#website","url":"https:\/\/emilien-chamaulte.com\/","name":"Emilien CHAMAULTE - Professeur de golf en Alsace","description":"Swinguez vers l&#039;excellence !","potentialAction":[{"@type":"SearchAction","target":{"@type":"EntryPoint","urlTemplate":"https:\/\/emilien-chamaulte.com\/?s={search_term_string}"},"query-input":{"@type":"PropertyValueSpecification","valueRequired":true,"valueName":"search_term_string"}}],"inLanguage":"fr-FR"}]}},"_links":{"self":[{"href":"http:\/\/emilien-chamaulte.com\/index.php?rest_route=\/wp\/v2\/pages\/703","targetHints":{"allow":["GET"]}}],"collection":[{"href":"http:\/\/emilien-chamaulte.com\/index.php?rest_route=\/wp\/v2\/pages"}],"about":[{"href":"http:\/\/emilien-chamaulte.com\/index.php?rest_route=\/wp\/v2\/types\/page"}],"author":[{"embeddable":true,"href":"http:\/\/emilien-chamaulte.com\/index.php?rest_route=\/wp\/v2\/users\/1"}],"replies":[{"embeddable":true,"href":"http:\/\/emilien-chamaulte.com\/index.php?rest_route=%2Fwp%2Fv2%2Fcomments&post=703"}],"version-history":[{"count":14,"href":"http:\/\/emilien-chamaulte.com\/index.php?rest_route=\/wp\/v2\/pages\/703\/revisions"}],"predecessor-version":[{"id":1370,"href":"http:\/\/emilien-chamaulte.com\/index.php?rest_route=\/wp\/v2\/pages\/703\/revisions\/1370"}],"wp:featuredmedia":[{"embeddable":true,"href":"http:\/\/emilien-chamaulte.com\/index.php?rest_route=\/wp\/v2\/media\/674"}],"wp:attachment":[{"href":"http:\/\/emilien-chamaulte.com\/index.php?rest_route=%2Fwp%2Fv2%2Fmedia&parent=703"}],"curies":[{"name":"wp","href":"https:\/\/api.w.org\/{rel}","templated":true}]}}