{"id":17,"date":"2024-12-16T15:46:30","date_gmt":"2024-12-16T14:46:30","guid":{"rendered":"http:\/\/emilien-chamaulte.com\/?page_id=17"},"modified":"2025-04-22T13:34:37","modified_gmt":"2025-04-22T11:34:37","slug":"prestations","status":"publish","type":"page","link":"http:\/\/emilien-chamaulte.com\/?page_id=17","title":{"rendered":"Offre golfique"},"content":{"rendered":"\n<h2 class=\"wp-block-heading has-text-align-center\">Optez pour une approche technique, moderne et personnalis\u00e9e !<\/h2>\n\n\n\n<figure class=\"wp-block-gallery has-nested-images columns-default is-cropped wp-block-gallery-1 is-layout-flex wp-block-gallery-is-layout-flex\">\n<figure class=\"wp-block-image size-large\"><img fetchpriority=\"high\" decoding=\"async\" width=\"1024\" height=\"683\" data-id=\"633\" src=\"http:\/\/emilien-chamaulte.com\/wp-content\/uploads\/2025\/03\/AdobeStock_57799799-1024x683.jpeg\" alt=\"\" class=\"wp-image-633\" srcset=\"http:\/\/emilien-chamaulte.com\/wp-content\/uploads\/2025\/03\/AdobeStock_57799799-1024x683.jpeg 1024w, http:\/\/emilien-chamaulte.com\/wp-content\/uploads\/2025\/03\/AdobeStock_57799799-300x200.jpeg 300w, http:\/\/emilien-chamaulte.com\/wp-content\/uploads\/2025\/03\/AdobeStock_57799799-768x512.jpeg 768w, http:\/\/emilien-chamaulte.com\/wp-content\/uploads\/2025\/03\/AdobeStock_57799799-1536x1024.jpeg 1536w, http:\/\/emilien-chamaulte.com\/wp-content\/uploads\/2025\/03\/AdobeStock_57799799-2048x1366.jpeg 2048w\" sizes=\"(max-width: 1024px) 100vw, 1024px\" \/><\/figure>\n\n\n\n<figure class=\"wp-block-image size-large\"><img decoding=\"async\" width=\"1024\" height=\"678\" data-id=\"565\" src=\"http:\/\/emilien-chamaulte.com\/wp-content\/uploads\/2025\/03\/thumbnail_AdobeStock_211452190-1024x678.jpg\" alt=\"Sortie de bunker\" class=\"wp-image-565\" srcset=\"http:\/\/emilien-chamaulte.com\/wp-content\/uploads\/2025\/03\/thumbnail_AdobeStock_211452190-1024x678.jpg 1024w, http:\/\/emilien-chamaulte.com\/wp-content\/uploads\/2025\/03\/thumbnail_AdobeStock_211452190-300x199.jpg 300w, http:\/\/emilien-chamaulte.com\/wp-content\/uploads\/2025\/03\/thumbnail_AdobeStock_211452190-768x508.jpg 768w, http:\/\/emilien-chamaulte.com\/wp-content\/uploads\/2025\/03\/thumbnail_AdobeStock_211452190-1536x1017.jpg 1536w, http:\/\/emilien-chamaulte.com\/wp-content\/uploads\/2025\/03\/thumbnail_AdobeStock_211452190.jpg 1920w\" sizes=\"(max-width: 1024px) 100vw, 1024px\" \/><\/figure>\n\n\n\n<figure class=\"wp-block-image size-large\"><img decoding=\"async\" width=\"1024\" height=\"678\" data-id=\"622\" src=\"http:\/\/emilien-chamaulte.com\/wp-content\/uploads\/2025\/03\/AdobeStock_69808638-1024x678.jpeg\" alt=\"\" class=\"wp-image-622\" srcset=\"http:\/\/emilien-chamaulte.com\/wp-content\/uploads\/2025\/03\/AdobeStock_69808638-1024x678.jpeg 1024w, http:\/\/emilien-chamaulte.com\/wp-content\/uploads\/2025\/03\/AdobeStock_69808638-300x199.jpeg 300w, http:\/\/emilien-chamaulte.com\/wp-content\/uploads\/2025\/03\/AdobeStock_69808638-768x509.jpeg 768w, http:\/\/emilien-chamaulte.com\/wp-content\/uploads\/2025\/03\/AdobeStock_69808638-1536x1017.jpeg 1536w, http:\/\/emilien-chamaulte.com\/wp-content\/uploads\/2025\/03\/AdobeStock_69808638-2048x1356.jpeg 2048w\" sizes=\"(max-width: 1024px) 100vw, 1024px\" \/><\/figure>\n<\/figure>\n\n\n\n<p>Head Pro au Golf Club de Strasbourg, je mets \u00e0 votre disposition plus de 15 ans d\u2019exp\u00e9rience dans l\u2019enseignement du golf, \u00e0 travers un parcours diversifi\u00e9 en tant que joueur professionnel et formateur. Mon expertise a \u00e9t\u00e9 enrichie par des ann\u00e9es d&rsquo;accompagnement d&rsquo;\u00e9quipes de haut niveau, y compris l\u2019\u00e9quipe de France, et par mes nombreuses participations \u00e0 des comp\u00e9titions internationales, dont l&rsquo;Open de France.<\/p>\n\n\n\n<p>En tant qu\u2019entra\u00eeneur certifi\u00e9 Trackman Level 2, TPI Level 1, et Smart 2 Moove, je vous propose une approche technique de pointe, en utilisant des outils et des m\u00e9thodes innovantes pour optimiser votre swing, votre posture et votre performance. Ces certifications, combin\u00e9es \u00e0 mes ann\u00e9es d&rsquo;exp\u00e9rience sur le terrain et en tant que coach, me permettent de vous offrir des conseils pr\u00e9cis et adapt\u00e9s \u00e0 vos besoins, que vous soyez d\u00e9butant ou joueur confirm\u00e9.<\/p>\n\n\n\n<p>Mes stages, en France comme \u00e0 l&rsquo;\u00e9tranger, sont con\u00e7us pour vous aider \u00e0 repousser vos limites et \u00e0 atteindre vos objectifs. \u00c0 travers une p\u00e9dagogie individualis\u00e9e et des outils technologiques de derni\u00e8re g\u00e9n\u00e9ration, chaque session est une occasion unique de progresser dans une atmosph\u00e8re conviviale et professionnelle.<\/p>\n\n\n\n<p>Rejoignez-moi pour un stage de golf qui allie passion, performance et progression.<\/p>\n\n\n\n<p>Ensemble, donnons vie \u00e0 vos ambitions golfiques !<\/p>\n\n\n\n<div class=\"wp-block-buttons is-layout-flex wp-block-buttons-is-layout-flex\">\n<div class=\"wp-block-button\"><a class=\"wp-block-button__link has-background wp-element-button\" href=\"http:\/\/emilien-chamaulte.com\/?p=97\" style=\"border-radius:9px;background-color:#ee0000\">TURQUIE<\/a><\/div>\n\n\n\n<div class=\"wp-block-button\"><a class=\"wp-block-button__link has-text-color has-background has-link-color wp-element-button\" href=\"http:\/\/emilien-chamaulte.com\/?p=554\" style=\"border-radius:9px;color:#f9eb4d;background-color:#086d0a\">AFRIQUE DU SUD<\/a><\/div>\n<\/div>\n\n\n\n<p><\/p>\n","protected":false},"excerpt":{"rendered":"<p>Optez pour une approche technique, moderne et personnalis\u00e9e ! Head Pro au Golf Club de Strasbourg, je mets \u00e0 votre disposition plus de 15 ans d\u2019exp\u00e9rience dans l\u2019enseignement du golf, \u00e0 travers un parcours diversifi\u00e9 en tant que joueur professionnel et formateur. Mon expertise a \u00e9t\u00e9 enrichie par des ann\u00e9es d&rsquo;accompagnement d&rsquo;\u00e9quipes de haut niveau, [&hellip;]<\/p>\n","protected":false},"author":1,"featured_media":0,"parent":0,"menu_order":0,"comment_status":"closed","ping_status":"closed","template":"","meta":{"footnotes":""},"class_list":["post-17","page","type-page","status-publish","hentry"],"yoast_head":"<!-- This site is optimized with the Yoast SEO plugin v27.3 - https:\/\/yoast.com\/product\/yoast-seo-wordpress\/ -->\n<title>Offre golfique - Emilien CHAMAULTE - Professeur de golf en Alsace<\/title>\n<meta name=\"robots\" content=\"index, follow, max-snippet:-1, max-image-preview:large, max-video-preview:-1\" \/>\n<link rel=\"canonical\" href=\"http:\/\/emilien-chamaulte.com\/?page_id=17\" \/>\n<meta property=\"og:locale\" content=\"fr_FR\" \/>\n<meta property=\"og:type\" content=\"article\" \/>\n<meta property=\"og:title\" content=\"Offre golfique - Emilien CHAMAULTE - Professeur de golf en Alsace\" \/>\n<meta property=\"og:description\" content=\"Optez pour une approche technique, moderne et personnalis\u00e9e ! Head Pro au Golf Club de Strasbourg, je mets \u00e0 votre disposition plus de 15 ans d\u2019exp\u00e9rience dans l\u2019enseignement du golf, \u00e0 travers un parcours diversifi\u00e9 en tant que joueur professionnel et formateur. Mon expertise a \u00e9t\u00e9 enrichie par des ann\u00e9es d&rsquo;accompagnement d&rsquo;\u00e9quipes de haut niveau, [&hellip;]\" \/>\n<meta property=\"og:url\" content=\"http:\/\/emilien-chamaulte.com\/?page_id=17\" \/>\n<meta property=\"og:site_name\" content=\"Emilien CHAMAULTE - Professeur de golf en Alsace\" \/>\n<meta property=\"article:modified_time\" content=\"2025-04-22T11:34:37+00:00\" \/>\n<meta property=\"og:image\" content=\"http:\/\/emilien-chamaulte.com\/wp-content\/uploads\/2025\/03\/AdobeStock_57799799-1024x683.jpeg\" \/>\n<meta name=\"twitter:card\" content=\"summary_large_image\" \/>\n<meta name=\"twitter:label1\" content=\"Dur\u00e9e de lecture estim\u00e9e\" \/>\n\t<meta name=\"twitter:data1\" content=\"1 minute\" \/>\n<script type=\"application\/ld+json\" class=\"yoast-schema-graph\">{\"@context\":\"https:\\\/\\\/schema.org\",\"@graph\":[{\"@type\":\"WebPage\",\"@id\":\"http:\\\/\\\/emilien-chamaulte.com\\\/?page_id=17\",\"url\":\"http:\\\/\\\/emilien-chamaulte.com\\\/?page_id=17\",\"name\":\"Offre golfique - Emilien CHAMAULTE - Professeur de golf en Alsace\",\"isPartOf\":{\"@id\":\"http:\\\/\\\/emilien-chamaulte.com\\\/#website\"},\"primaryImageOfPage\":{\"@id\":\"http:\\\/\\\/emilien-chamaulte.com\\\/?page_id=17#primaryimage\"},\"image\":{\"@id\":\"http:\\\/\\\/emilien-chamaulte.com\\\/?page_id=17#primaryimage\"},\"thumbnailUrl\":\"http:\\\/\\\/emilien-chamaulte.com\\\/wp-content\\\/uploads\\\/2025\\\/03\\\/AdobeStock_57799799-1024x683.jpeg\",\"datePublished\":\"2024-12-16T14:46:30+00:00\",\"dateModified\":\"2025-04-22T11:34:37+00:00\",\"breadcrumb\":{\"@id\":\"http:\\\/\\\/emilien-chamaulte.com\\\/?page_id=17#breadcrumb\"},\"inLanguage\":\"fr-FR\",\"potentialAction\":[{\"@type\":\"ReadAction\",\"target\":[\"http:\\\/\\\/emilien-chamaulte.com\\\/?page_id=17\"]}]},{\"@type\":\"ImageObject\",\"inLanguage\":\"fr-FR\",\"@id\":\"http:\\\/\\\/emilien-chamaulte.com\\\/?page_id=17#primaryimage\",\"url\":\"http:\\\/\\\/emilien-chamaulte.com\\\/wp-content\\\/uploads\\\/2025\\\/03\\\/AdobeStock_57799799-scaled.jpeg\",\"contentUrl\":\"http:\\\/\\\/emilien-chamaulte.com\\\/wp-content\\\/uploads\\\/2025\\\/03\\\/AdobeStock_57799799-scaled.jpeg\",\"width\":2560,\"height\":1707},{\"@type\":\"BreadcrumbList\",\"@id\":\"http:\\\/\\\/emilien-chamaulte.com\\\/?page_id=17#breadcrumb\",\"itemListElement\":[{\"@type\":\"ListItem\",\"position\":1,\"name\":\"Accueil\",\"item\":\"http:\\\/\\\/emilien-chamaulte.com\\\/\"},{\"@type\":\"ListItem\",\"position\":2,\"name\":\"Offre golfique\"}]},{\"@type\":\"WebSite\",\"@id\":\"http:\\\/\\\/emilien-chamaulte.com\\\/#website\",\"url\":\"http:\\\/\\\/emilien-chamaulte.com\\\/\",\"name\":\"Emilien CHAMAULTE - Professeur de golf en Alsace\",\"description\":\"Swinguez vers l&#039;excellence !\",\"potentialAction\":[{\"@type\":\"SearchAction\",\"target\":{\"@type\":\"EntryPoint\",\"urlTemplate\":\"http:\\\/\\\/emilien-chamaulte.com\\\/?s={search_term_string}\"},\"query-input\":{\"@type\":\"PropertyValueSpecification\",\"valueRequired\":true,\"valueName\":\"search_term_string\"}}],\"inLanguage\":\"fr-FR\"}]}<\/script>\n<!-- \/ Yoast SEO plugin. -->","yoast_head_json":{"title":"Offre golfique - Emilien CHAMAULTE - Professeur de golf en Alsace","robots":{"index":"index","follow":"follow","max-snippet":"max-snippet:-1","max-image-preview":"max-image-preview:large","max-video-preview":"max-video-preview:-1"},"canonical":"http:\/\/emilien-chamaulte.com\/?page_id=17","og_locale":"fr_FR","og_type":"article","og_title":"Offre golfique - Emilien CHAMAULTE - Professeur de golf en Alsace","og_description":"Optez pour une approche technique, moderne et personnalis\u00e9e ! Head Pro au Golf Club de Strasbourg, je mets \u00e0 votre disposition plus de 15 ans d\u2019exp\u00e9rience dans l\u2019enseignement du golf, \u00e0 travers un parcours diversifi\u00e9 en tant que joueur professionnel et formateur. Mon expertise a \u00e9t\u00e9 enrichie par des ann\u00e9es d&rsquo;accompagnement d&rsquo;\u00e9quipes de haut niveau, [&hellip;]","og_url":"http:\/\/emilien-chamaulte.com\/?page_id=17","og_site_name":"Emilien CHAMAULTE - Professeur de golf en Alsace","article_modified_time":"2025-04-22T11:34:37+00:00","og_image":[{"url":"http:\/\/emilien-chamaulte.com\/wp-content\/uploads\/2025\/03\/AdobeStock_57799799-1024x683.jpeg","type":"","width":"","height":""}],"twitter_card":"summary_large_image","twitter_misc":{"Dur\u00e9e de lecture estim\u00e9e":"1 minute"},"schema":{"@context":"https:\/\/schema.org","@graph":[{"@type":"WebPage","@id":"http:\/\/emilien-chamaulte.com\/?page_id=17","url":"http:\/\/emilien-chamaulte.com\/?page_id=17","name":"Offre golfique - Emilien CHAMAULTE - Professeur de golf en Alsace","isPartOf":{"@id":"http:\/\/emilien-chamaulte.com\/#website"},"primaryImageOfPage":{"@id":"http:\/\/emilien-chamaulte.com\/?page_id=17#primaryimage"},"image":{"@id":"http:\/\/emilien-chamaulte.com\/?page_id=17#primaryimage"},"thumbnailUrl":"http:\/\/emilien-chamaulte.com\/wp-content\/uploads\/2025\/03\/AdobeStock_57799799-1024x683.jpeg","datePublished":"2024-12-16T14:46:30+00:00","dateModified":"2025-04-22T11:34:37+00:00","breadcrumb":{"@id":"http:\/\/emilien-chamaulte.com\/?page_id=17#breadcrumb"},"inLanguage":"fr-FR","potentialAction":[{"@type":"ReadAction","target":["http:\/\/emilien-chamaulte.com\/?page_id=17"]}]},{"@type":"ImageObject","inLanguage":"fr-FR","@id":"http:\/\/emilien-chamaulte.com\/?page_id=17#primaryimage","url":"http:\/\/emilien-chamaulte.com\/wp-content\/uploads\/2025\/03\/AdobeStock_57799799-scaled.jpeg","contentUrl":"http:\/\/emilien-chamaulte.com\/wp-content\/uploads\/2025\/03\/AdobeStock_57799799-scaled.jpeg","width":2560,"height":1707},{"@type":"BreadcrumbList","@id":"http:\/\/emilien-chamaulte.com\/?page_id=17#breadcrumb","itemListElement":[{"@type":"ListItem","position":1,"name":"Accueil","item":"http:\/\/emilien-chamaulte.com\/"},{"@type":"ListItem","position":2,"name":"Offre golfique"}]},{"@type":"WebSite","@id":"http:\/\/emilien-chamaulte.com\/#website","url":"http:\/\/emilien-chamaulte.com\/","name":"Emilien CHAMAULTE - Professeur de golf en Alsace","description":"Swinguez vers l&#039;excellence !","potentialAction":[{"@type":"SearchAction","target":{"@type":"EntryPoint","urlTemplate":"http:\/\/emilien-chamaulte.com\/?s={search_term_string}"},"query-input":{"@type":"PropertyValueSpecification","valueRequired":true,"valueName":"search_term_string"}}],"inLanguage":"fr-FR"}]}},"_links":{"self":[{"href":"http:\/\/emilien-chamaulte.com\/index.php?rest_route=\/wp\/v2\/pages\/17","targetHints":{"allow":["GET"]}}],"collection":[{"href":"http:\/\/emilien-chamaulte.com\/index.php?rest_route=\/wp\/v2\/pages"}],"about":[{"href":"http:\/\/emilien-chamaulte.com\/index.php?rest_route=\/wp\/v2\/types\/page"}],"author":[{"embeddable":true,"href":"http:\/\/emilien-chamaulte.com\/index.php?rest_route=\/wp\/v2\/users\/1"}],"replies":[{"embeddable":true,"href":"http:\/\/emilien-chamaulte.com\/index.php?rest_route=%2Fwp%2Fv2%2Fcomments&post=17"}],"version-history":[{"count":31,"href":"http:\/\/emilien-chamaulte.com\/index.php?rest_route=\/wp\/v2\/pages\/17\/revisions"}],"predecessor-version":[{"id":1282,"href":"http:\/\/emilien-chamaulte.com\/index.php?rest_route=\/wp\/v2\/pages\/17\/revisions\/1282"}],"wp:attachment":[{"href":"http:\/\/emilien-chamaulte.com\/index.php?rest_route=%2Fwp%2Fv2%2Fmedia&parent=17"}],"curies":[{"name":"wp","href":"https:\/\/api.w.org\/{rel}","templated":true}]}}