{"id":120,"date":"2025-03-21T13:43:38","date_gmt":"2025-03-21T12:43:38","guid":{"rendered":"http:\/\/emilien-chamaulte.com\/?page_id=120"},"modified":"2025-04-22T17:07:20","modified_gmt":"2025-04-22T15:07:20","slug":"parcours-2","status":"publish","type":"page","link":"http:\/\/emilien-chamaulte.com\/?page_id=120","title":{"rendered":"Mon parcours"},"content":{"rendered":"<div data-colibri-id=\"120-c1\" class=\"style-193 style-local-120-c1 position-relative\">\r\n  <!---->\r\n  <div data-colibri-component=\"section\" data-colibri-id=\"120-c2\" id=\"initial-content\" class=\"h-section h-section-global-spacing d-flex align-items-lg-start align-items-md-start align-items-start style-194 style-local-120-c2 position-relative\">\r\n    <!---->\r\n    <!---->\r\n    <div class=\"h-section-grid-container h-section-boxed-container\">\r\n      <!---->\r\n      <div data-colibri-id=\"120-c69\" class=\"h-row-container gutters-row-lg-3 gutters-row-md-3 gutters-row-0 gutters-row-v-lg-3 gutters-row-v-md-3 gutters-row-v-3 style-257 style-local-120-c69 position-relative\">\r\n        <!---->\r\n        <div class=\"h-row justify-content-lg-center justify-content-md-center justify-content-center align-items-lg-stretch align-items-md-stretch align-items-stretch gutters-col-lg-3 gutters-col-md-3 gutters-col-0 gutters-col-v-lg-3 gutters-col-v-md-3 gutters-col-v-3\">\r\n          <!---->\r\n          <div class=\"h-column h-column-container d-flex h-col-lg-auto h-col-md-auto h-col-auto style-258-outer style-local-120-c70-outer\">\r\n            <div data-colibri-id=\"120-c70\" class=\"d-flex h-flex-basis h-column__inner h-px-lg-0 h-px-md-0 h-px-0 v-inner-lg-0 v-inner-md-0 v-inner-0 style-258 style-local-120-c70 position-relative\">\r\n              <!---->\r\n              <!---->\r\n              <div class=\"w-100 h-y-container h-column__content h-column__v-align flex-basis-100 align-self-lg-start align-self-md-start align-self-start\">\r\n                <!---->\r\n                <div data-colibri-id=\"120-c71\" class=\"h-lead h-text h-text-component style-205 style-local-120-c71 position-relative h-element\">\r\n                  <!---->\r\n                  <!---->\r\n                  <div class=\"\">\r\n                    <p>ENSEIGNEMENT<\/p>\r\n                  <\/div>\r\n                <\/div>\r\n              <\/div>\r\n            <\/div>\r\n          <\/div>\r\n        <\/div>\r\n      <\/div>\r\n      <div data-colibri-id=\"120-c81\" class=\"h-row-container gutters-row-lg-0 gutters-row-md-0 gutters-row-0 gutters-row-v-lg-0 gutters-row-v-md-0 gutters-row-v-0 style-265 style-local-120-c81 position-relative\">\r\n        <!---->\r\n        <div class=\"h-row justify-content-lg-center justify-content-md-center justify-content-center align-items-lg-stretch align-items-md-stretch align-items-stretch gutters-col-lg-0 gutters-col-md-0 gutters-col-0 gutters-col-v-lg-0 gutters-col-v-md-0 gutters-col-v-0\">\r\n          <!---->\r\n          <div class=\"h-column h-column-container d-flex h-col-lg-auto h-col-md-auto h-col-auto style-266-outer style-local-120-c82-outer\">\r\n            <div data-colibri-id=\"120-c82\" class=\"d-flex h-flex-basis h-column__inner h-px-lg-0 h-px-md-0 h-px-0 v-inner-lg-0 v-inner-md-0 v-inner-0 style-266 style-local-120-c82 position-relative\">\r\n              <!---->\r\n              <!---->\r\n              <div class=\"w-100 h-y-container h-column__content h-column__v-align flex-basis-100 align-self-lg-start align-self-md-start align-self-start\">\r\n                <!---->\r\n                <div data-colibri-id=\"120-c83\" class=\"h-text h-text-component style-206 style-local-120-c83 position-relative h-element\">\r\n                  <!---->\r\n                  <!---->\r\n                  <div class=\"\">\r\n                    <p>Depuis 2020 :&nbsp;<strong>Head Pro&nbsp;<\/strong>au<strong>&nbsp;Golf Club de Strasbourg<\/strong>&nbsp;(67)\r\n                      <br>2014 -2020 :&nbsp;<strong>Professeur de golf ind\u00e9pendant<\/strong>&nbsp;au Golf Ammerschwihr Trois Epis (68)\r\n                      <br>De 2012 \u00e0 2014 :&nbsp;<strong>Conseiller Technique National<\/strong>&nbsp;au sein de la F\u00e9d\u00e9ration Fran\u00e7aise de Golf<\/p>\r\n                    <ul>\r\n                      <li>Entra\u00eeneur r\u00e9gional des meilleurs jeunes de Pays de Loire et Bretagne<\/li>\r\n                      <li>Coordinateur des \u00e9quipes techniques r\u00e9gionales (ETR)<\/li>\r\n                      <li>Coach de l\u2019\u00e9quipe de France au Championnat du Monde Universitaire \u2013 2014<\/li>\r\n                      <li>Coach de l\u2019\u00e9quipe de France \u2013 de 17 ans au Lacoste Four Nations (ESP) \u2013 2013<\/li>\r\n                      <li>2010 \u00e0 2012 : enseignant et consultant au Cr\u00e9cy Golf Club ; Cr\u00e9cy La Chapelle \u2013 77<\/li>\r\n                    <\/ul>\r\n                  <\/div>\r\n                <\/div>\r\n              <\/div>\r\n            <\/div>\r\n          <\/div>\r\n        <\/div>\r\n      <\/div>\r\n      <div data-colibri-id=\"120-c72\" class=\"h-row-container gutters-row-lg-3 gutters-row-md-3 gutters-row-0 gutters-row-v-lg-3 gutters-row-v-md-3 gutters-row-v-3 style-259 style-local-120-c72 position-relative\">\r\n        <!---->\r\n        <div class=\"h-row justify-content-lg-center justify-content-md-center justify-content-center align-items-lg-stretch align-items-md-stretch align-items-stretch gutters-col-lg-3 gutters-col-md-3 gutters-col-0 gutters-col-v-lg-3 gutters-col-v-md-3 gutters-col-v-3\">\r\n          <!---->\r\n          <div class=\"h-column h-column-container d-flex h-col-lg-auto h-col-md-auto h-col-auto style-260-outer style-local-120-c73-outer\">\r\n            <div data-colibri-id=\"120-c73\" class=\"d-flex h-flex-basis h-column__inner h-px-lg-0 h-px-md-0 h-px-0 v-inner-lg-0 v-inner-md-0 v-inner-0 style-260 style-local-120-c73 position-relative\">\r\n              <!---->\r\n              <!---->\r\n              <div class=\"w-100 h-y-container h-column__content h-column__v-align flex-basis-100 align-self-lg-start align-self-md-start align-self-start\">\r\n                <!---->\r\n                <div data-colibri-id=\"120-c74\" class=\"h-lead h-text h-text-component style-210 style-local-120-c74 position-relative h-element\">\r\n                  <!---->\r\n                  <!---->\r\n                  <div class=\"\">\r\n                    <p>JOUEUR PRO<\/p>\r\n                  <\/div>\r\n                <\/div>\r\n              <\/div>\r\n            <\/div>\r\n          <\/div>\r\n        <\/div>\r\n      <\/div>\r\n      <div data-colibri-id=\"120-c15\" class=\"h-row-container gutters-row-lg-0 gutters-row-md-0 gutters-row-0 gutters-row-v-lg-0 gutters-row-v-md-0 gutters-row-v-0 style-207 style-local-120-c15 position-relative\">\r\n        <!---->\r\n        <div class=\"h-row justify-content-lg-center justify-content-md-center justify-content-center align-items-lg-stretch align-items-md-stretch align-items-stretch gutters-col-lg-0 gutters-col-md-0 gutters-col-0 gutters-col-v-lg-0 gutters-col-v-md-0 gutters-col-v-0\">\r\n          <!---->\r\n          <div class=\"h-column h-column-container d-flex h-col-lg-auto h-col-md-auto h-col-auto style-209-outer style-local-120-c17-outer\">\r\n            <div data-colibri-id=\"120-c17\" class=\"d-flex h-flex-basis h-column__inner h-px-lg-0 h-px-md-0 h-px-0 v-inner-lg-0 v-inner-md-0 v-inner-0 style-209 style-local-120-c17 position-relative\">\r\n              <!---->\r\n              <!---->\r\n              <div class=\"w-100 h-y-container h-column__content h-column__v-align flex-basis-100 align-self-lg-start align-self-md-start align-self-start\">\r\n                <!---->\r\n                <div data-colibri-id=\"120-c19\" class=\"h-text h-text-component style-211 style-local-120-c19 position-relative h-element\">\r\n                  <!---->\r\n                  <!---->\r\n                  <div class=\"\">\r\n                    <p>Participation \u00e0 l\u2019Open de France en 2011\r\n                      <br>Vainqueur de 2 tournois professionnels en 2005 et 2011 (EPD Tour et Alps Tour)\r\n                      <br>Class\u00e9 dans les 30 premiers joueurs fran\u00e7ais pendant 5 ans\r\n                      <br>7\u00e8me (2009) et 9\u00e8me (2011) au classement final de l\u2019Ordre du M\u00e9rite final de l\u2019Allianz Tour\r\n                      <br>Nombreux podiums r\u00e9alis\u00e9s sur les diff\u00e9rents circuits satellites\r\n                      <br>Membres Challenge Tour<\/p>\r\n                  <\/div>\r\n                <\/div>\r\n              <\/div>\r\n            <\/div>\r\n          <\/div>\r\n        <\/div>\r\n      <\/div>\r\n      <div data-colibri-id=\"120-c75\" class=\"h-row-container gutters-row-lg-3 gutters-row-md-3 gutters-row-0 gutters-row-v-lg-3 gutters-row-v-md-3 gutters-row-v-3 style-261 style-local-120-c75 position-relative\">\r\n        <!---->\r\n        <div class=\"h-row justify-content-lg-center justify-content-md-center justify-content-center align-items-lg-stretch align-items-md-stretch align-items-stretch gutters-col-lg-3 gutters-col-md-3 gutters-col-0 gutters-col-v-lg-3 gutters-col-v-md-3 gutters-col-v-3\">\r\n          <!---->\r\n          <div class=\"h-column h-column-container d-flex h-col-lg-auto h-col-md-auto h-col-auto style-262-outer style-local-120-c76-outer\">\r\n            <div data-colibri-id=\"120-c76\" class=\"d-flex h-flex-basis h-column__inner h-px-lg-0 h-px-md-0 h-px-0 v-inner-lg-0 v-inner-md-0 v-inner-0 style-262 style-local-120-c76 position-relative\">\r\n              <!---->\r\n              <!---->\r\n              <div class=\"w-100 h-y-container h-column__content h-column__v-align flex-basis-100 align-self-lg-start align-self-md-start align-self-start\">\r\n                <!---->\r\n                <div data-colibri-id=\"120-c77\" class=\"h-lead h-text h-text-component style-252 style-local-120-c77 position-relative h-element\">\r\n                  <!---->\r\n                  <!---->\r\n                  <div class=\"\">\r\n                    <p>JOUEUR AMATEUR<\/p>\r\n                  <\/div>\r\n                <\/div>\r\n              <\/div>\r\n            <\/div>\r\n          <\/div>\r\n        <\/div>\r\n      <\/div>\r\n      <div data-colibri-id=\"120-c20\" class=\"h-row-container gutters-row-lg-0 gutters-row-md-0 gutters-row-0 gutters-row-v-lg-0 gutters-row-v-md-0 gutters-row-v-0 style-212 style-local-120-c20 position-relative\">\r\n        <!---->\r\n        <div class=\"h-row justify-content-lg-center justify-content-md-center justify-content-center align-items-lg-stretch align-items-md-stretch align-items-stretch gutters-col-lg-0 gutters-col-md-0 gutters-col-0 gutters-col-v-lg-0 gutters-col-v-md-0 gutters-col-v-0\">\r\n          <!---->\r\n          <div class=\"h-column h-column-container d-flex h-col-lg-auto h-col-md-auto h-col-auto style-214-outer style-local-120-c22-outer\">\r\n            <div data-colibri-id=\"120-c22\" class=\"d-flex h-flex-basis h-column__inner h-px-lg-0 h-px-md-0 h-px-0 v-inner-lg-0 v-inner-md-0 v-inner-0 style-214 style-local-120-c22 position-relative\">\r\n              <!---->\r\n              <!---->\r\n              <div class=\"w-100 h-y-container h-column__content h-column__v-align flex-basis-100 align-self-lg-start align-self-md-start align-self-start\">\r\n                <!---->\r\n                <div data-colibri-id=\"120-c24\" class=\"h-text h-text-component style-216 style-local-120-c24 position-relative h-element\">\r\n                  <!---->\r\n                  <!---->\r\n                  <div class=\"\">\r\n                    <p>Vainqueur au Championnat de France Universitaire \u2013 2000\r\n                      <br>15\u00e8me au Championnat du Monde Universitaire \u2013 2000\r\n                      <br>Vainqueur de 13 Grands Prix nationaux\r\n                      <br>Membre des \u00e9quipes de France amateur<\/p>\r\n                  <\/div>\r\n                <\/div>\r\n              <\/div>\r\n            <\/div>\r\n          <\/div>\r\n        <\/div>\r\n      <\/div>\r\n    <\/div>\r\n  <\/div>\r\n  <div data-colibri-component=\"section\" data-colibri-id=\"120-c25\" id=\"about\" class=\"h-section h-section-global-spacing d-flex align-items-lg-start align-items-md-start align-items-start style-217 style-local-120-c25 position-relative\">\r\n    <!---->\r\n    <!---->\r\n    <div class=\"h-section-grid-container h-section-boxed-container\">\r\n      <!---->\r\n      <div data-colibri-id=\"120-c26\" class=\"h-row-container gutters-row-lg-0 gutters-row-md-0 gutters-row-0 gutters-row-v-lg-0 gutters-row-v-md-0 gutters-row-v-0 style-218 style-local-120-c26 h-overflow-hidden position-relative\">\r\n        <!---->\r\n        <div class=\"h-row justify-content-lg-center justify-content-md-center justify-content-center align-items-lg-end align-items-md-end align-items-end gutters-col-lg-0 gutters-col-md-0 gutters-col-0 gutters-col-v-lg-0 gutters-col-v-md-0 gutters-col-v-0\">\r\n          <!---->\r\n          <div class=\"h-column h-column-container d-flex h-col-lg-auto h-col-md-auto h-col-auto align-self-lg-end align-self-md-end align-self-end style-219-outer style-local-120-c27-outer\">\r\n            <div data-colibri-id=\"120-c27\" class=\"d-flex h-flex-basis h-column__inner h-ui-empty-state-container h-px-lg-2 h-px-md-2 h-px-2 v-inner-lg-2 v-inner-md-2 v-inner-2 style-219 style-local-120-c27 position-relative\">\r\n              <!---->\r\n              <!---->\r\n              <div class=\"w-100 h-y-container h-column__content h-column__v-align flex-basis-100\">\r\n                <!---->\r\n              <\/div>\r\n            <\/div>\r\n          <\/div>\r\n          <div class=\"h-column h-column-container d-flex h-col-lg-auto h-col-md-auto h-col-auto align-self-lg-end align-self-md-end align-self-end style-220-outer style-local-120-c28-outer\">\r\n            <div data-colibri-id=\"120-c28\" class=\"d-flex h-flex-basis h-column__inner h-ui-empty-state-container h-px-lg-3 h-px-md-3 h-px-3 v-inner-lg-3 v-inner-md-3 v-inner-3 style-220 style-local-120-c28 position-relative\">\r\n              <!---->\r\n              <!---->\r\n              <div class=\"w-100 h-y-container h-column__content h-column__v-align flex-basis-100\">\r\n                <!---->\r\n              <\/div>\r\n            <\/div>\r\n          <\/div>\r\n          <div class=\"h-column h-column-container d-flex h-col-lg-auto h-col-md-auto h-col-auto align-self-lg-end align-self-md-end align-self-end style-221-outer style-local-120-c29-outer\">\r\n            <div data-colibri-id=\"120-c29\" class=\"d-flex h-flex-basis h-column__inner h-ui-empty-state-container h-px-lg-2 h-px-md-2 h-px-2 v-inner-lg-2 v-inner-md-2 v-inner-2 style-221 style-local-120-c29 position-relative\">\r\n              <!---->\r\n              <!---->\r\n              <div class=\"w-100 h-y-container h-column__content h-column__v-align flex-basis-100\">\r\n                <!---->\r\n              <\/div>\r\n            <\/div>\r\n          <\/div>\r\n        <\/div>\r\n      <\/div>\r\n    <\/div>\r\n  <\/div>\r\n<\/div>","protected":false},"excerpt":{"rendered":"<p>ENSEIGNEMENT Depuis 2020 :&nbsp;Head Pro&nbsp;au&nbsp;Golf Club de Strasbourg&nbsp;(67) 2014 -2020 :&nbsp;Professeur de golf ind\u00e9pendant&nbsp;au Golf Ammerschwihr Trois Epis (68) De 2012 \u00e0 2014 :&nbsp;Conseiller Technique National&nbsp;au sein de la F\u00e9d\u00e9ration Fran\u00e7aise de Golf Entra\u00eeneur r\u00e9gional des meilleurs jeunes de Pays de Loire et Bretagne Coordinateur des \u00e9quipes techniques r\u00e9gionales (ETR) Coach de l\u2019\u00e9quipe de France [&hellip;]<\/p>\n","protected":false},"author":1,"featured_media":0,"parent":0,"menu_order":0,"comment_status":"closed","ping_status":"closed","template":"page-templates\/full-width-page.php","meta":{"footnotes":""},"class_list":["post-120","page","type-page","status-publish","hentry"],"yoast_head":"<!-- This site is optimized with the Yoast SEO plugin v27.3 - https:\/\/yoast.com\/product\/yoast-seo-wordpress\/ -->\n<title>Mon parcours - Emilien CHAMAULTE - Professeur de golf en Alsace<\/title>\n<meta name=\"description\" content=\"Ancien joueur professionnel de golf, je mets mon exp\u00e9rience en comp\u00e9tition au service des passionn\u00e9s et joueurs de tous niveaux. Depuis 5 ans, j&#039;enseigne au Golf Club de Strasbourg et j&#039;organise des stages pour perfectionner votre jeu.\" \/>\n<meta name=\"robots\" content=\"index, follow, max-snippet:-1, max-image-preview:large, max-video-preview:-1\" \/>\n<link rel=\"canonical\" href=\"http:\/\/emilien-chamaulte.com\/?page_id=120\" \/>\n<meta property=\"og:locale\" content=\"fr_FR\" \/>\n<meta property=\"og:type\" content=\"article\" \/>\n<meta property=\"og:title\" content=\"Mon parcours - Emilien CHAMAULTE - Professeur de golf en Alsace\" \/>\n<meta property=\"og:description\" content=\"Ancien joueur professionnel de golf, je mets mon exp\u00e9rience en comp\u00e9tition au service des passionn\u00e9s et joueurs de tous niveaux. Depuis 5 ans, j&#039;enseigne au Golf Club de Strasbourg et j&#039;organise des stages pour perfectionner votre jeu.\" \/>\n<meta property=\"og:url\" content=\"http:\/\/emilien-chamaulte.com\/?page_id=120\" \/>\n<meta property=\"og:site_name\" content=\"Emilien CHAMAULTE - Professeur de golf en Alsace\" \/>\n<meta property=\"article:modified_time\" content=\"2025-04-22T15:07:20+00:00\" \/>\n<meta name=\"twitter:card\" content=\"summary_large_image\" \/>\n<meta name=\"twitter:label1\" content=\"Dur\u00e9e de lecture estim\u00e9e\" \/>\n\t<meta name=\"twitter:data1\" content=\"1 minute\" \/>\n<script type=\"application\/ld+json\" class=\"yoast-schema-graph\">{\"@context\":\"https:\\\/\\\/schema.org\",\"@graph\":[{\"@type\":\"WebPage\",\"@id\":\"http:\\\/\\\/emilien-chamaulte.com\\\/?page_id=120\",\"url\":\"http:\\\/\\\/emilien-chamaulte.com\\\/?page_id=120\",\"name\":\"Mon parcours - Emilien CHAMAULTE - Professeur de golf en Alsace\",\"isPartOf\":{\"@id\":\"https:\\\/\\\/emilien-chamaulte.com\\\/#website\"},\"datePublished\":\"2025-03-21T12:43:38+00:00\",\"dateModified\":\"2025-04-22T15:07:20+00:00\",\"description\":\"Ancien joueur professionnel de golf, je mets mon exp\u00e9rience en comp\u00e9tition au service des passionn\u00e9s et joueurs de tous niveaux. Depuis 5 ans, j'enseigne au Golf Club de Strasbourg et j'organise des stages pour perfectionner votre jeu.\",\"breadcrumb\":{\"@id\":\"http:\\\/\\\/emilien-chamaulte.com\\\/?page_id=120#breadcrumb\"},\"inLanguage\":\"fr-FR\",\"potentialAction\":[{\"@type\":\"ReadAction\",\"target\":[\"http:\\\/\\\/emilien-chamaulte.com\\\/?page_id=120\"]}]},{\"@type\":\"BreadcrumbList\",\"@id\":\"http:\\\/\\\/emilien-chamaulte.com\\\/?page_id=120#breadcrumb\",\"itemListElement\":[{\"@type\":\"ListItem\",\"position\":1,\"name\":\"Accueil\",\"item\":\"https:\\\/\\\/emilien-chamaulte.com\\\/\"},{\"@type\":\"ListItem\",\"position\":2,\"name\":\"Mon parcours\"}]},{\"@type\":\"WebSite\",\"@id\":\"https:\\\/\\\/emilien-chamaulte.com\\\/#website\",\"url\":\"https:\\\/\\\/emilien-chamaulte.com\\\/\",\"name\":\"Emilien CHAMAULTE - Professeur de golf en Alsace\",\"description\":\"Swinguez vers l&#039;excellence !\",\"potentialAction\":[{\"@type\":\"SearchAction\",\"target\":{\"@type\":\"EntryPoint\",\"urlTemplate\":\"https:\\\/\\\/emilien-chamaulte.com\\\/?s={search_term_string}\"},\"query-input\":{\"@type\":\"PropertyValueSpecification\",\"valueRequired\":true,\"valueName\":\"search_term_string\"}}],\"inLanguage\":\"fr-FR\"}]}<\/script>\n<!-- \/ Yoast SEO plugin. -->","yoast_head_json":{"title":"Mon parcours - Emilien CHAMAULTE - Professeur de golf en Alsace","description":"Ancien joueur professionnel de golf, je mets mon exp\u00e9rience en comp\u00e9tition au service des passionn\u00e9s et joueurs de tous niveaux. Depuis 5 ans, j'enseigne au Golf Club de Strasbourg et j'organise des stages pour perfectionner votre jeu.","robots":{"index":"index","follow":"follow","max-snippet":"max-snippet:-1","max-image-preview":"max-image-preview:large","max-video-preview":"max-video-preview:-1"},"canonical":"http:\/\/emilien-chamaulte.com\/?page_id=120","og_locale":"fr_FR","og_type":"article","og_title":"Mon parcours - Emilien CHAMAULTE - Professeur de golf en Alsace","og_description":"Ancien joueur professionnel de golf, je mets mon exp\u00e9rience en comp\u00e9tition au service des passionn\u00e9s et joueurs de tous niveaux. Depuis 5 ans, j'enseigne au Golf Club de Strasbourg et j'organise des stages pour perfectionner votre jeu.","og_url":"http:\/\/emilien-chamaulte.com\/?page_id=120","og_site_name":"Emilien CHAMAULTE - Professeur de golf en Alsace","article_modified_time":"2025-04-22T15:07:20+00:00","twitter_card":"summary_large_image","twitter_misc":{"Dur\u00e9e de lecture estim\u00e9e":"1 minute"},"schema":{"@context":"https:\/\/schema.org","@graph":[{"@type":"WebPage","@id":"http:\/\/emilien-chamaulte.com\/?page_id=120","url":"http:\/\/emilien-chamaulte.com\/?page_id=120","name":"Mon parcours - Emilien CHAMAULTE - Professeur de golf en Alsace","isPartOf":{"@id":"https:\/\/emilien-chamaulte.com\/#website"},"datePublished":"2025-03-21T12:43:38+00:00","dateModified":"2025-04-22T15:07:20+00:00","description":"Ancien joueur professionnel de golf, je mets mon exp\u00e9rience en comp\u00e9tition au service des passionn\u00e9s et joueurs de tous niveaux. Depuis 5 ans, j'enseigne au Golf Club de Strasbourg et j'organise des stages pour perfectionner votre jeu.","breadcrumb":{"@id":"http:\/\/emilien-chamaulte.com\/?page_id=120#breadcrumb"},"inLanguage":"fr-FR","potentialAction":[{"@type":"ReadAction","target":["http:\/\/emilien-chamaulte.com\/?page_id=120"]}]},{"@type":"BreadcrumbList","@id":"http:\/\/emilien-chamaulte.com\/?page_id=120#breadcrumb","itemListElement":[{"@type":"ListItem","position":1,"name":"Accueil","item":"https:\/\/emilien-chamaulte.com\/"},{"@type":"ListItem","position":2,"name":"Mon parcours"}]},{"@type":"WebSite","@id":"https:\/\/emilien-chamaulte.com\/#website","url":"https:\/\/emilien-chamaulte.com\/","name":"Emilien CHAMAULTE - Professeur de golf en Alsace","description":"Swinguez vers l&#039;excellence !","potentialAction":[{"@type":"SearchAction","target":{"@type":"EntryPoint","urlTemplate":"https:\/\/emilien-chamaulte.com\/?s={search_term_string}"},"query-input":{"@type":"PropertyValueSpecification","valueRequired":true,"valueName":"search_term_string"}}],"inLanguage":"fr-FR"}]}},"_links":{"self":[{"href":"http:\/\/emilien-chamaulte.com\/index.php?rest_route=\/wp\/v2\/pages\/120","targetHints":{"allow":["GET"]}}],"collection":[{"href":"http:\/\/emilien-chamaulte.com\/index.php?rest_route=\/wp\/v2\/pages"}],"about":[{"href":"http:\/\/emilien-chamaulte.com\/index.php?rest_route=\/wp\/v2\/types\/page"}],"author":[{"embeddable":true,"href":"http:\/\/emilien-chamaulte.com\/index.php?rest_route=\/wp\/v2\/users\/1"}],"replies":[{"embeddable":true,"href":"http:\/\/emilien-chamaulte.com\/index.php?rest_route=%2Fwp%2Fv2%2Fcomments&post=120"}],"version-history":[{"count":20,"href":"http:\/\/emilien-chamaulte.com\/index.php?rest_route=\/wp\/v2\/pages\/120\/revisions"}],"predecessor-version":[{"id":1110,"href":"http:\/\/emilien-chamaulte.com\/index.php?rest_route=\/wp\/v2\/pages\/120\/revisions\/1110"}],"wp:attachment":[{"href":"http:\/\/emilien-chamaulte.com\/index.php?rest_route=%2Fwp%2Fv2%2Fmedia&parent=120"}],"curies":[{"name":"wp","href":"https:\/\/api.w.org\/{rel}","templated":true}]}}